{"id":1165,"date":"2020-11-20T11:21:20","date_gmt":"2020-11-20T11:21:20","guid":{"rendered":"http:\/\/cecodur.org.uy\/web\/?page_id=1165"},"modified":"2026-03-06T21:58:55","modified_gmt":"2026-03-06T21:58:55","slug":"observatorio","status":"publish","type":"page","link":"http:\/\/cecodur.org.uy\/web\/observatorio\/","title":{"rendered":"Observatorio Econ\u00f3mico"},"content":{"rendered":"\t\t<div data-elementor-type=\"wp-page\" data-elementor-id=\"1165\" class=\"elementor elementor-1165\" data-elementor-post-type=\"page\">\n\t\t\t\t\t\t<section class=\"elementor-section elementor-top-section elementor-element elementor-element-56d4642b elementor-section-boxed elementor-section-height-default elementor-section-height-default qodef-elementor-content-no\" data-id=\"56d4642b\" data-element_type=\"section\" data-e-type=\"section\">\n\t\t\t\t\t\t<div class=\"elementor-container elementor-column-gap-default\">\n\t\t\t\t\t<div class=\"elementor-column elementor-col-100 elementor-top-column elementor-element elementor-element-307e47f7\" data-id=\"307e47f7\" data-element_type=\"column\" data-e-type=\"column\">\n\t\t\t<div class=\"elementor-widget-wrap elementor-element-populated\">\n\t\t\t\t\t\t<div class=\"elementor-element elementor-element-289a74 elementor-widget elementor-widget-heading\" data-id=\"289a74\" data-element_type=\"widget\" data-e-type=\"widget\" data-widget_type=\"heading.default\">\n\t\t\t\t<div class=\"elementor-widget-container\">\n\t\t\t\t\t<h6 class=\"elementor-heading-title elementor-size-default\">actividad econ\u00f3mica industrial en durazno<\/h6>\t\t\t\t<\/div>\n\t\t\t\t<\/div>\n\t\t\t\t<div class=\"elementor-element elementor-element-2abbc421 elementor-widget elementor-widget-heading\" data-id=\"2abbc421\" data-element_type=\"widget\" data-e-type=\"widget\" data-widget_type=\"heading.default\">\n\t\t\t\t<div class=\"elementor-widget-container\">\n\t\t\t\t\t<h2 class=\"elementor-heading-title elementor-size-default\">Observatorio Econ\u00f3mico<\/h2>\t\t\t\t<\/div>\n\t\t\t\t<\/div>\n\t\t\t\t<div class=\"elementor-element elementor-element-ea8e01a elementor-widget elementor-widget-image-gallery\" data-id=\"ea8e01a\" data-element_type=\"widget\" data-e-type=\"widget\" data-widget_type=\"image-gallery.default\">\n\t\t\t\t<div class=\"elementor-widget-container\">\n\t\t\t\t\t\t\t<div class=\"elementor-image-gallery\">\n\t\t\t\n\t\t<style type=\"text\/css\">\n\t\t\t#gallery-1 {\n\t\t\t\tmargin: auto;\n\t\t\t}\n\t\t\t#gallery-1 .gallery-item {\n\t\t\t\tfloat: left;\n\t\t\t\tmargin-top: 10px;\n\t\t\t\ttext-align: center;\n\t\t\t\twidth: 16%;\n\t\t\t}\n\t\t\t#gallery-1 img {\n\t\t\t\tborder: 2px solid #cfcfcf;\n\t\t\t}\n\t\t\t#gallery-1 .gallery-caption {\n\t\t\t\tmargin-left: 0;\n\t\t\t}\n\t\t\t\/* see gallery_shortcode() in wp-includes\/media.php *\/\n\t\t<\/style>\n\t\t<div id='gallery-1' class='gallery galleryid-1165 gallery-columns-6 gallery-size-thumbnail'><dl class='gallery-item'>\n\t\t\t<dt class='gallery-icon landscape'>\n\t\t\t\t<a data-elementor-open-lightbox=\"yes\" data-elementor-lightbox-slideshow=\"ea8e01a\" data-elementor-lightbox-title=\"logo-cecodur\" data-e-action-hash=\"#elementor-action%3Aaction%3Dlightbox%26settings%3DeyJpZCI6MTE5OSwidXJsIjoiaHR0cDpcL1wvY2Vjb2R1ci5vcmcudXlcL3dlYlwvd3AtY29udGVudFwvdXBsb2Fkc1wvMjAyMFwvMTFcL2xvZ28tY2Vjb2R1ci5wbmciLCJzbGlkZXNob3ciOiJlYThlMDFhIn0%3D\" href='http:\/\/cecodur.org.uy\/web\/wp-content\/uploads\/2020\/11\/logo-cecodur.png'><img decoding=\"async\" width=\"150\" height=\"150\" src=\"http:\/\/cecodur.org.uy\/web\/wp-content\/uploads\/2020\/11\/logo-cecodur-150x150.png\" class=\"attachment-thumbnail size-thumbnail\" alt=\"\" srcset=\"http:\/\/cecodur.org.uy\/web\/wp-content\/uploads\/2020\/11\/logo-cecodur-150x150.png 150w, http:\/\/cecodur.org.uy\/web\/wp-content\/uploads\/2020\/11\/logo-cecodur.png 225w\" sizes=\"(max-width: 150px) 100vw, 150px\" \/><\/a>\n\t\t\t<\/dt><\/dl><dl class='gallery-item'>\n\t\t\t<dt class='gallery-icon landscape'>\n\t\t\t\t<a data-elementor-open-lightbox=\"yes\" data-elementor-lightbox-slideshow=\"ea8e01a\" data-elementor-lightbox-title=\"logo_idd\" data-e-action-hash=\"#elementor-action%3Aaction%3Dlightbox%26settings%3DeyJpZCI6MTE5NSwidXJsIjoiaHR0cDpcL1wvY2Vjb2R1ci5vcmcudXlcL3dlYlwvd3AtY29udGVudFwvdXBsb2Fkc1wvMjAyMFwvMTFcL2xvZ29faWRkLmpwZyIsInNsaWRlc2hvdyI6ImVhOGUwMWEifQ%3D%3D\" href='http:\/\/cecodur.org.uy\/web\/wp-content\/uploads\/2020\/11\/logo_idd.jpg'><img decoding=\"async\" width=\"150\" height=\"150\" src=\"http:\/\/cecodur.org.uy\/web\/wp-content\/uploads\/2020\/11\/logo_idd-150x150.jpg\" class=\"attachment-thumbnail size-thumbnail\" alt=\"\" srcset=\"http:\/\/cecodur.org.uy\/web\/wp-content\/uploads\/2020\/11\/logo_idd-150x150.jpg 150w, http:\/\/cecodur.org.uy\/web\/wp-content\/uploads\/2020\/11\/logo_idd.jpg 225w\" sizes=\"(max-width: 150px) 100vw, 150px\" \/><\/a>\n\t\t\t<\/dt><\/dl><dl class='gallery-item'>\n\t\t\t<dt class='gallery-icon landscape'>\n\t\t\t\t<a data-elementor-open-lightbox=\"yes\" data-elementor-lightbox-slideshow=\"ea8e01a\" data-elementor-lightbox-title=\"logo_srd\" data-e-action-hash=\"#elementor-action%3Aaction%3Dlightbox%26settings%3DeyJpZCI6MTE5NywidXJsIjoiaHR0cDpcL1wvY2Vjb2R1ci5vcmcudXlcL3dlYlwvd3AtY29udGVudFwvdXBsb2Fkc1wvMjAyMFwvMTFcL2xvZ29fc3JkLmpwZyIsInNsaWRlc2hvdyI6ImVhOGUwMWEifQ%3D%3D\" href='http:\/\/cecodur.org.uy\/web\/wp-content\/uploads\/2020\/11\/logo_srd.jpg'><img decoding=\"async\" width=\"150\" height=\"150\" src=\"http:\/\/cecodur.org.uy\/web\/wp-content\/uploads\/2020\/11\/logo_srd-150x150.jpg\" class=\"attachment-thumbnail size-thumbnail\" alt=\"\" srcset=\"http:\/\/cecodur.org.uy\/web\/wp-content\/uploads\/2020\/11\/logo_srd-150x150.jpg 150w, http:\/\/cecodur.org.uy\/web\/wp-content\/uploads\/2020\/11\/logo_srd.jpg 225w\" sizes=\"(max-width: 150px) 100vw, 150px\" \/><\/a>\n\t\t\t<\/dt><\/dl><dl class='gallery-item'>\n\t\t\t<dt class='gallery-icon landscape'>\n\t\t\t\t<a data-elementor-open-lightbox=\"yes\" data-elementor-lightbox-slideshow=\"ea8e01a\" data-elementor-lightbox-title=\"logo_utec\" data-e-action-hash=\"#elementor-action%3Aaction%3Dlightbox%26settings%3DeyJpZCI6MTE5OCwidXJsIjoiaHR0cDpcL1wvY2Vjb2R1ci5vcmcudXlcL3dlYlwvd3AtY29udGVudFwvdXBsb2Fkc1wvMjAyMFwvMTFcL2xvZ29fdXRlYy5wbmciLCJzbGlkZXNob3ciOiJlYThlMDFhIn0%3D\" href='http:\/\/cecodur.org.uy\/web\/wp-content\/uploads\/2020\/11\/logo_utec.png'><img loading=\"lazy\" decoding=\"async\" width=\"150\" height=\"150\" src=\"http:\/\/cecodur.org.uy\/web\/wp-content\/uploads\/2020\/11\/logo_utec-150x150.png\" class=\"attachment-thumbnail size-thumbnail\" alt=\"\" srcset=\"http:\/\/cecodur.org.uy\/web\/wp-content\/uploads\/2020\/11\/logo_utec-150x150.png 150w, http:\/\/cecodur.org.uy\/web\/wp-content\/uploads\/2020\/11\/logo_utec.png 225w\" sizes=\"(max-width: 150px) 100vw, 150px\" \/><\/a>\n\t\t\t<\/dt><\/dl><dl class='gallery-item'>\n\t\t\t<dt class='gallery-icon landscape'>\n\t\t\t\t<a data-elementor-open-lightbox=\"yes\" data-elementor-lightbox-slideshow=\"ea8e01a\" data-elementor-lightbox-title=\"logo_cncs\" data-e-action-hash=\"#elementor-action%3Aaction%3Dlightbox%26settings%3DeyJpZCI6MTE5NCwidXJsIjoiaHR0cDpcL1wvY2Vjb2R1ci5vcmcudXlcL3dlYlwvd3AtY29udGVudFwvdXBsb2Fkc1wvMjAyMFwvMTFcL2xvZ29fY25jcy5qcGciLCJzbGlkZXNob3ciOiJlYThlMDFhIn0%3D\" href='http:\/\/cecodur.org.uy\/web\/wp-content\/uploads\/2020\/11\/logo_cncs.jpg'><img loading=\"lazy\" decoding=\"async\" width=\"150\" height=\"150\" src=\"http:\/\/cecodur.org.uy\/web\/wp-content\/uploads\/2020\/11\/logo_cncs-150x150.jpg\" class=\"attachment-thumbnail size-thumbnail\" alt=\"\" srcset=\"http:\/\/cecodur.org.uy\/web\/wp-content\/uploads\/2020\/11\/logo_cncs-150x150.jpg 150w, http:\/\/cecodur.org.uy\/web\/wp-content\/uploads\/2020\/11\/logo_cncs.jpg 225w\" sizes=\"(max-width: 150px) 100vw, 150px\" \/><\/a>\n\t\t\t<\/dt><\/dl><dl class='gallery-item'>\n\t\t\t<dt class='gallery-icon landscape'>\n\t\t\t\t<a data-elementor-open-lightbox=\"yes\" data-elementor-lightbox-slideshow=\"ea8e01a\" data-elementor-lightbox-title=\"logo_oit\" data-e-action-hash=\"#elementor-action%3Aaction%3Dlightbox%26settings%3DeyJpZCI6MTE5NiwidXJsIjoiaHR0cDpcL1wvY2Vjb2R1ci5vcmcudXlcL3dlYlwvd3AtY29udGVudFwvdXBsb2Fkc1wvMjAyMFwvMTFcL2xvZ29fb2l0LnBuZyIsInNsaWRlc2hvdyI6ImVhOGUwMWEifQ%3D%3D\" href='http:\/\/cecodur.org.uy\/web\/wp-content\/uploads\/2020\/11\/logo_oit.png'><img loading=\"lazy\" decoding=\"async\" width=\"150\" height=\"150\" src=\"http:\/\/cecodur.org.uy\/web\/wp-content\/uploads\/2020\/11\/logo_oit-150x150.png\" class=\"attachment-thumbnail size-thumbnail\" alt=\"\" srcset=\"http:\/\/cecodur.org.uy\/web\/wp-content\/uploads\/2020\/11\/logo_oit-150x150.png 150w, http:\/\/cecodur.org.uy\/web\/wp-content\/uploads\/2020\/11\/logo_oit.png 225w\" sizes=\"(max-width: 150px) 100vw, 150px\" \/><\/a>\n\t\t\t<\/dt><\/dl><br style=\"clear: both\" \/>\n\t\t<\/div>\n\t\t<\/div>\n\t\t\t\t\t\t<\/div>\n\t\t\t\t<\/div>\n\t\t\t\t<div class=\"elementor-element elementor-element-af4cf07 elementor-grid-2 elementor-grid-tablet-2 elementor-grid-mobile-1 elementor-posts--thumbnail-top elementor-widget elementor-widget-posts\" data-id=\"af4cf07\" data-element_type=\"widget\" data-e-type=\"widget\" data-settings=\"{&quot;classic_columns&quot;:&quot;2&quot;,&quot;classic_columns_tablet&quot;:&quot;2&quot;,&quot;classic_columns_mobile&quot;:&quot;1&quot;,&quot;classic_row_gap&quot;:{&quot;unit&quot;:&quot;px&quot;,&quot;size&quot;:35,&quot;sizes&quot;:[]},&quot;classic_row_gap_tablet&quot;:{&quot;unit&quot;:&quot;px&quot;,&quot;size&quot;:&quot;&quot;,&quot;sizes&quot;:[]},&quot;classic_row_gap_mobile&quot;:{&quot;unit&quot;:&quot;px&quot;,&quot;size&quot;:&quot;&quot;,&quot;sizes&quot;:[]}}\" data-widget_type=\"posts.classic\">\n\t\t\t\t<div class=\"elementor-widget-container\">\n\t\t\t\t\t\t\t<div class=\"elementor-posts-container elementor-posts elementor-posts--skin-classic elementor-grid\" role=\"list\">\n\t\t\t\t<article class=\"elementor-post elementor-grid-item post-1176 post type-post status-publish format-standard has-post-thumbnail hentry category-locales category-observatorio tag-economia tag-industrias tag-informacion tag-observatorio-economico tag-pymes tag-rural\" role=\"listitem\">\n\t\t\t\t<a class=\"elementor-post__thumbnail__link\" href=\"http:\/\/cecodur.org.uy\/web\/primer-informe-del-observatorio-economico\/\" tabindex=\"-1\" >\n\t\t\t<div class=\"elementor-post__thumbnail\"><img loading=\"lazy\" decoding=\"async\" width=\"300\" height=\"225\" src=\"http:\/\/cecodur.org.uy\/web\/wp-content\/uploads\/2020\/11\/resultados-300x225.jpg\" class=\"attachment-medium size-medium wp-image-1177\" alt=\"\" srcset=\"http:\/\/cecodur.org.uy\/web\/wp-content\/uploads\/2020\/11\/resultados-300x225.jpg 300w, http:\/\/cecodur.org.uy\/web\/wp-content\/uploads\/2020\/11\/resultados-1024x768.jpg 1024w, http:\/\/cecodur.org.uy\/web\/wp-content\/uploads\/2020\/11\/resultados-768x576.jpg 768w, http:\/\/cecodur.org.uy\/web\/wp-content\/uploads\/2020\/11\/resultados-800x600.jpg 800w, http:\/\/cecodur.org.uy\/web\/wp-content\/uploads\/2020\/11\/resultados-700x525.jpg 700w, http:\/\/cecodur.org.uy\/web\/wp-content\/uploads\/2020\/11\/resultados.jpg 1033w\" sizes=\"(max-width: 300px) 100vw, 300px\" \/><\/div>\n\t\t<\/a>\n\t\t\t\t<div class=\"elementor-post__text\">\n\t\t\t\t<h3 class=\"elementor-post__title\">\n\t\t\t<a href=\"http:\/\/cecodur.org.uy\/web\/primer-informe-del-observatorio-economico\/\" >\n\t\t\t\tPrimer Informe del Observatorio Econ\u00f3mico\t\t\t<\/a>\n\t\t<\/h3>\n\t\t\t\t<div class=\"elementor-post__excerpt\">\n\t\t\t<p>En el d\u00eda de ayer, en la sala Valent\u00edn Arias de la Intendencia de Durazno, se llev\u00f3 a cabo la presentaci\u00f3n del 1er. Informe del Observatorio Econ\u00f3mico de dicho departamento, recientemente creado con el apoyo de la C\u00e1mara de Comercio, el auspicio de la OIT, y la asistencia t\u00e9cnica de<\/p>\n\t\t<\/div>\n\t\t\t\t\t<div class=\"elementor-post__read-more-wrapper\">\n\t\t\n\t\t<a class=\"elementor-post__read-more\" href=\"http:\/\/cecodur.org.uy\/web\/primer-informe-del-observatorio-economico\/\" aria-label=\"M\u00e1s informaci\u00f3n sobre Primer Informe del Observatorio Econ\u00f3mico\" tabindex=\"-1\" >\n\t\t\tLeer m\u00e1s \u00bb\t\t<\/a>\n\n\t\t\t\t\t<\/div>\n\t\t\t\t<\/div>\n\t\t\t\t<\/article>\n\t\t\t\t<article class=\"elementor-post elementor-grid-item post-1170 post type-post status-publish format-standard has-post-thumbnail hentry category-locales category-observatorio tag-economia tag-industrias tag-informacion tag-observatorio-economico tag-pymes tag-rural\" role=\"listitem\">\n\t\t\t\t<a class=\"elementor-post__thumbnail__link\" href=\"http:\/\/cecodur.org.uy\/web\/presentacion-del-observatorio-economico-de-durazno\/\" tabindex=\"-1\" >\n\t\t\t<div class=\"elementor-post__thumbnail\"><img loading=\"lazy\" decoding=\"async\" width=\"300\" height=\"213\" src=\"http:\/\/cecodur.org.uy\/web\/wp-content\/uploads\/2020\/11\/presentacion-encuesta2-300x213.jpg\" class=\"attachment-medium size-medium wp-image-1171\" alt=\"\" srcset=\"http:\/\/cecodur.org.uy\/web\/wp-content\/uploads\/2020\/11\/presentacion-encuesta2-300x213.jpg 300w, http:\/\/cecodur.org.uy\/web\/wp-content\/uploads\/2020\/11\/presentacion-encuesta2-768x546.jpg 768w, http:\/\/cecodur.org.uy\/web\/wp-content\/uploads\/2020\/11\/presentacion-encuesta2-700x498.jpg 700w, http:\/\/cecodur.org.uy\/web\/wp-content\/uploads\/2020\/11\/presentacion-encuesta2.jpg 1020w\" sizes=\"(max-width: 300px) 100vw, 300px\" \/><\/div>\n\t\t<\/a>\n\t\t\t\t<div class=\"elementor-post__text\">\n\t\t\t\t<h3 class=\"elementor-post__title\">\n\t\t\t<a href=\"http:\/\/cecodur.org.uy\/web\/presentacion-del-observatorio-economico-de-durazno\/\" >\n\t\t\t\tPresentaci\u00f3n del Observatorio Econ\u00f3mico de Durazno\t\t\t<\/a>\n\t\t<\/h3>\n\t\t\t\t<div class=\"elementor-post__excerpt\">\n\t\t\t<p>En la ma\u00f1ana de hoy en la Sala Valent\u00edn Arias de la Intendencia de Durazno, autoridades encabezadas por el Intendente, Cr. Jorge Reyna Gerem\u00edas, presentaron el Observatorio Econ\u00f3mico de Durazno, que tendr\u00e1 como cometido reunir y procesar informaci\u00f3n de la actividad comercial, industrial, empresarial departamental. \u201cEs contar con informaci\u00f3n fidedigna<\/p>\n\t\t<\/div>\n\t\t\t\t\t<div class=\"elementor-post__read-more-wrapper\">\n\t\t\n\t\t<a class=\"elementor-post__read-more\" href=\"http:\/\/cecodur.org.uy\/web\/presentacion-del-observatorio-economico-de-durazno\/\" aria-label=\"M\u00e1s informaci\u00f3n sobre Presentaci\u00f3n del Observatorio Econ\u00f3mico de Durazno\" tabindex=\"-1\" >\n\t\t\tLeer m\u00e1s \u00bb\t\t<\/a>\n\n\t\t\t\t\t<\/div>\n\t\t\t\t<\/div>\n\t\t\t\t<\/article>\n\t\t\t\t<\/div>\n\t\t\n\t\t\t\t\t\t<\/div>\n\t\t\t\t<\/div>\n\t\t\t\t\t<\/div>\n\t\t<\/div>\n\t\t\t\t\t<\/div>\n\t\t<\/section>\n\t\t\t\t<\/div>\n\t\t","protected":false},"excerpt":{"rendered":"<p>actividad econ\u00f3mica industrial en durazno Observatorio Econ\u00f3mico<\/p>\n","protected":false},"author":2,"featured_media":0,"parent":0,"menu_order":0,"comment_status":"closed","ping_status":"closed","template":"","meta":{"_monsterinsights_skip_tracking":false,"_monsterinsights_sitenote_active":false,"_monsterinsights_sitenote_note":"","_monsterinsights_sitenote_category":0,"footnotes":""},"class_list":["post-1165","page","type-page","status-publish","hentry"],"_links":{"self":[{"href":"http:\/\/cecodur.org.uy\/web\/wp-json\/wp\/v2\/pages\/1165","targetHints":{"allow":["GET"]}}],"collection":[{"href":"http:\/\/cecodur.org.uy\/web\/wp-json\/wp\/v2\/pages"}],"about":[{"href":"http:\/\/cecodur.org.uy\/web\/wp-json\/wp\/v2\/types\/page"}],"author":[{"embeddable":true,"href":"http:\/\/cecodur.org.uy\/web\/wp-json\/wp\/v2\/users\/2"}],"replies":[{"embeddable":true,"href":"http:\/\/cecodur.org.uy\/web\/wp-json\/wp\/v2\/comments?post=1165"}],"version-history":[{"count":24,"href":"http:\/\/cecodur.org.uy\/web\/wp-json\/wp\/v2\/pages\/1165\/revisions"}],"predecessor-version":[{"id":2315,"href":"http:\/\/cecodur.org.uy\/web\/wp-json\/wp\/v2\/pages\/1165\/revisions\/2315"}],"wp:attachment":[{"href":"http:\/\/cecodur.org.uy\/web\/wp-json\/wp\/v2\/media?parent=1165"}],"curies":[{"name":"wp","href":"https:\/\/api.w.org\/{rel}","templated":true}]}}