{"id":557,"date":"2020-04-25T19:59:33","date_gmt":"2020-04-25T19:59:33","guid":{"rendered":"http:\/\/cecodur.org.uy\/web\/?page_id=557"},"modified":"2026-03-09T18:45:14","modified_gmt":"2026-03-09T21:45:14","slug":"nosotros","status":"publish","type":"page","link":"http:\/\/cecodur.org.uy\/web\/nosotros\/","title":{"rendered":"Nuestra Instituci\u00f3n"},"content":{"rendered":"\t\t<div data-elementor-type=\"wp-page\" data-elementor-id=\"557\" class=\"elementor elementor-557\" data-elementor-post-type=\"page\">\n\t\t\t\t\t\t<section class=\"elementor-section elementor-top-section elementor-element elementor-element-2d123bf elementor-section-boxed elementor-section-height-default elementor-section-height-default qodef-elementor-content-no\" data-id=\"2d123bf\" data-element_type=\"section\" data-e-type=\"section\">\n\t\t\t\t\t\t<div class=\"elementor-container elementor-column-gap-default\">\n\t\t\t\t\t<div class=\"elementor-column elementor-col-50 elementor-top-column elementor-element elementor-element-0c211c5\" data-id=\"0c211c5\" data-element_type=\"column\" data-e-type=\"column\">\n\t\t\t<div class=\"elementor-widget-wrap elementor-element-populated\">\n\t\t\t\t\t\t<section class=\"elementor-section elementor-inner-section elementor-element elementor-element-19b5558 elementor-section-boxed elementor-section-height-default elementor-section-height-default qodef-elementor-content-no\" data-id=\"19b5558\" data-element_type=\"section\" data-e-type=\"section\">\n\t\t\t\t\t\t<div class=\"elementor-container elementor-column-gap-default\">\n\t\t\t\t\t<div class=\"elementor-column elementor-col-50 elementor-inner-column elementor-element elementor-element-6b5ad95\" data-id=\"6b5ad95\" data-element_type=\"column\" data-e-type=\"column\">\n\t\t\t<div class=\"elementor-widget-wrap elementor-element-populated\">\n\t\t\t\t\t\t<div class=\"elementor-element elementor-element-60a322bb elementor-widget elementor-widget-heading\" data-id=\"60a322bb\" data-element_type=\"widget\" data-e-type=\"widget\" data-widget_type=\"heading.default\">\n\t\t\t\t<div class=\"elementor-widget-container\">\n\t\t\t\t\t<h4 class=\"elementor-heading-title elementor-size-default\">Nuestra Misi\u00f3n<\/h4>\t\t\t\t<\/div>\n\t\t\t\t<\/div>\n\t\t\t\t<div class=\"elementor-element elementor-element-2f8ddbde elementor-widget elementor-widget-text-editor\" data-id=\"2f8ddbde\" data-element_type=\"widget\" data-e-type=\"widget\" data-widget_type=\"text-editor.default\">\n\t\t\t\t<div class=\"elementor-widget-container\">\n\t\t\t\t\t\t\t\t\t<p>Brindar a nuestros asociados, raz\u00f3n de ser de nuestra Instituci\u00f3n, un servicio de alta calidad destinado a satisfacer sus necesidades.<\/p><p>Mejorar permanentemente estos servicios bajo los valores de la Instituci\u00f3n: honestidad, respeto, responsabilidad, cumplimiento, esp\u00edritu de servicio y mejora<\/p><p>Representar y vincular el comercio, la industria y los servicios de la zona para una mejor defensa de sus intereses.<\/p>\t\t\t\t\t\t\t\t<\/div>\n\t\t\t\t<\/div>\n\t\t\t\t\t<\/div>\n\t\t<\/div>\n\t\t\t\t<div class=\"elementor-column elementor-col-50 elementor-inner-column elementor-element elementor-element-3186d28\" data-id=\"3186d28\" data-element_type=\"column\" data-e-type=\"column\">\n\t\t\t<div class=\"elementor-widget-wrap elementor-element-populated\">\n\t\t\t\t\t\t<div class=\"elementor-element elementor-element-6e0cba4 elementor-widget elementor-widget-heading\" data-id=\"6e0cba4\" data-element_type=\"widget\" data-e-type=\"widget\" data-widget_type=\"heading.default\">\n\t\t\t\t<div class=\"elementor-widget-container\">\n\t\t\t\t\t<h4 class=\"elementor-heading-title elementor-size-default\">Nuestra Visi\u00f3n<\/h4>\t\t\t\t<\/div>\n\t\t\t\t<\/div>\n\t\t\t\t<div class=\"elementor-element elementor-element-507ee64b elementor-widget elementor-widget-text-editor\" data-id=\"507ee64b\" data-element_type=\"widget\" data-e-type=\"widget\" data-widget_type=\"text-editor.default\">\n\t\t\t\t<div class=\"elementor-widget-container\">\n\t\t\t\t\t\t\t\t\t<p>Ser una Instituci\u00f3n referente con reconocimiento regional y nacional, con el objetivo de organizar, difundir y apoyar toda actividad comercial, industrial y de servicios en el\u00a0 ejercicio\u00a0 leal de sus actividades, funcionando con eficiencia y eficacia en cumplimiento de los deberes y derechos de los empresarios.<\/p>\t\t\t\t\t\t\t\t<\/div>\n\t\t\t\t<\/div>\n\t\t\t\t\t<\/div>\n\t\t<\/div>\n\t\t\t\t\t<\/div>\n\t\t<\/section>\n\t\t\t\t<div class=\"elementor-element elementor-element-9d33792 elementor-widget elementor-widget-spacer\" data-id=\"9d33792\" data-element_type=\"widget\" data-e-type=\"widget\" data-widget_type=\"spacer.default\">\n\t\t\t\t<div class=\"elementor-widget-container\">\n\t\t\t\t\t\t\t<div class=\"elementor-spacer\">\n\t\t\t<div class=\"elementor-spacer-inner\"><\/div>\n\t\t<\/div>\n\t\t\t\t\t\t<\/div>\n\t\t\t\t<\/div>\n\t\t\t\t<div class=\"elementor-element elementor-element-0bdc91a elementor-widget elementor-widget-heading\" data-id=\"0bdc91a\" data-element_type=\"widget\" data-e-type=\"widget\" data-widget_type=\"heading.default\">\n\t\t\t\t<div class=\"elementor-widget-container\">\n\t\t\t\t\t<h4 class=\"elementor-heading-title elementor-size-default\">Fechas Importantes:<\/h4>\t\t\t\t<\/div>\n\t\t\t\t<\/div>\n\t\t\t\t<div class=\"elementor-element elementor-element-dffa0d0 elementor-icon-list--layout-traditional elementor-list-item-link-full_width elementor-widget elementor-widget-icon-list\" data-id=\"dffa0d0\" data-element_type=\"widget\" data-e-type=\"widget\" data-widget_type=\"icon-list.default\">\n\t\t\t\t<div class=\"elementor-widget-container\">\n\t\t\t\t\t\t\t<ul class=\"elementor-icon-list-items\">\n\t\t\t\t\t\t\t<li class=\"elementor-icon-list-item\">\n\t\t\t\t\t\t\t\t\t\t\t<span class=\"elementor-icon-list-icon\">\n\t\t\t\t\t\t\t<i aria-hidden=\"true\" class=\"fas fa-calendar-alt\"><\/i>\t\t\t\t\t\t<\/span>\n\t\t\t\t\t\t\t\t\t\t<span class=\"elementor-icon-list-text\">8 de Junio de 1930 - Primer encuentro de Comerciantes<\/span>\n\t\t\t\t\t\t\t\t\t<\/li>\n\t\t\t\t\t\t\t\t<li class=\"elementor-icon-list-item\">\n\t\t\t\t\t\t\t\t\t\t\t<span class=\"elementor-icon-list-icon\">\n\t\t\t\t\t\t\t<i aria-hidden=\"true\" class=\"fas fa-calendar-alt\"><\/i>\t\t\t\t\t\t<\/span>\n\t\t\t\t\t\t\t\t\t\t<span class=\"elementor-icon-list-text\">1 de Setiembre de 1930 - Se aprueban los Estatutos Sociales<\/span>\n\t\t\t\t\t\t\t\t\t<\/li>\n\t\t\t\t\t\t\t\t<li class=\"elementor-icon-list-item\">\n\t\t\t\t\t\t\t\t\t\t\t<span class=\"elementor-icon-list-icon\">\n\t\t\t\t\t\t\t<i aria-hidden=\"true\" class=\"fas fa-calendar-alt\"><\/i>\t\t\t\t\t\t<\/span>\n\t\t\t\t\t\t\t\t\t\t<span class=\"elementor-icon-list-text\">29 de Setiembre de 1930 - Inicio de actividades de Primera Comisi\u00f3n Directiva<\/span>\n\t\t\t\t\t\t\t\t\t<\/li>\n\t\t\t\t\t\t\t\t<li class=\"elementor-icon-list-item\">\n\t\t\t\t\t\t\t\t\t\t\t<span class=\"elementor-icon-list-icon\">\n\t\t\t\t\t\t\t<i aria-hidden=\"true\" class=\"fas fa-calendar-alt\"><\/i>\t\t\t\t\t\t<\/span>\n\t\t\t\t\t\t\t\t\t\t<span class=\"elementor-icon-list-text\">14 de Agosto de 1931 - Poder Ejecutivo concede la Personer\u00eda Jur\u00eddica<\/span>\n\t\t\t\t\t\t\t\t\t<\/li>\n\t\t\t\t\t\t<\/ul>\n\t\t\t\t\t\t<\/div>\n\t\t\t\t<\/div>\n\t\t\t\t<div class=\"elementor-element elementor-element-4fd7702 elementor-widget elementor-widget-spacer\" data-id=\"4fd7702\" data-element_type=\"widget\" data-e-type=\"widget\" data-widget_type=\"spacer.default\">\n\t\t\t\t<div class=\"elementor-widget-container\">\n\t\t\t\t\t\t\t<div class=\"elementor-spacer\">\n\t\t\t<div class=\"elementor-spacer-inner\"><\/div>\n\t\t<\/div>\n\t\t\t\t\t\t<\/div>\n\t\t\t\t<\/div>\n\t\t\t\t<div class=\"elementor-element elementor-element-0b12a96 elementor-widget elementor-widget-heading\" data-id=\"0b12a96\" data-element_type=\"widget\" data-e-type=\"widget\" data-widget_type=\"heading.default\">\n\t\t\t\t<div class=\"elementor-widget-container\">\n\t\t\t\t\t<h4 class=\"elementor-heading-title elementor-size-default\">Presidentes:<\/h4>\t\t\t\t<\/div>\n\t\t\t\t<\/div>\n\t\t\t\t\t<\/div>\n\t\t<\/div>\n\t\t\t\t<div class=\"elementor-column elementor-col-50 elementor-top-column elementor-element elementor-element-dfa6d37\" data-id=\"dfa6d37\" data-element_type=\"column\" data-e-type=\"column\" data-settings=\"{&quot;background_background&quot;:&quot;classic&quot;}\">\n\t\t\t<div class=\"elementor-widget-wrap elementor-element-populated\">\n\t\t\t\t\t\t<div class=\"elementor-element elementor-element-df72f9c elementor-widget elementor-widget-heading\" data-id=\"df72f9c\" data-element_type=\"widget\" data-e-type=\"widget\" data-widget_type=\"heading.default\">\n\t\t\t\t<div class=\"elementor-widget-container\">\n\t\t\t\t\t<h3 class=\"elementor-heading-title elementor-size-default\">Actas Fundacionales<\/h3>\t\t\t\t<\/div>\n\t\t\t\t<\/div>\n\t\t\t\t<div class=\"elementor-element elementor-element-40d101d gallery-spacing-custom elementor-widget elementor-widget-image-gallery\" data-id=\"40d101d\" data-element_type=\"widget\" data-e-type=\"widget\" data-widget_type=\"image-gallery.default\">\n\t\t\t\t<div class=\"elementor-widget-container\">\n\t\t\t\t\t\t\t<div class=\"elementor-image-gallery\">\n\t\t\t\n\t\t<style type=\"text\/css\">\n\t\t\t#gallery-1 {\n\t\t\t\tmargin: auto;\n\t\t\t}\n\t\t\t#gallery-1 .gallery-item {\n\t\t\t\tfloat: left;\n\t\t\t\tmargin-top: 10px;\n\t\t\t\ttext-align: center;\n\t\t\t\twidth: 33%;\n\t\t\t}\n\t\t\t#gallery-1 img {\n\t\t\t\tborder: 2px solid #cfcfcf;\n\t\t\t}\n\t\t\t#gallery-1 .gallery-caption {\n\t\t\t\tmargin-left: 0;\n\t\t\t}\n\t\t\t\/* see gallery_shortcode() in wp-includes\/media.php *\/\n\t\t<\/style>\n\t\t<div id='gallery-1' class='gallery galleryid-557 gallery-columns-3 gallery-size-thumbnail'><dl class='gallery-item'>\n\t\t\t<dt class='gallery-icon portrait'>\n\t\t\t\t<a data-elementor-open-lightbox=\"no\" href='https:\/\/cecodur.org.uy\/web\/wp-content\/uploads\/2020\/04\/1er-Acta-Junio1930.jpg'><img decoding=\"async\" width=\"150\" height=\"150\" src=\"https:\/\/cecodur.org.uy\/web\/wp-content\/uploads\/2020\/04\/1er-Acta-Junio1930-150x150.jpg\" class=\"attachment-thumbnail size-thumbnail\" alt=\"\" aria-describedby=\"gallery-1-561\" srcset=\"https:\/\/cecodur.org.uy\/web\/wp-content\/uploads\/2020\/04\/1er-Acta-Junio1930-150x150.jpg 150w, https:\/\/cecodur.org.uy\/web\/wp-content\/uploads\/2020\/04\/1er-Acta-Junio1930-570x570.jpg 570w, https:\/\/cecodur.org.uy\/web\/wp-content\/uploads\/2020\/04\/1er-Acta-Junio1930-500x500.jpg 500w, https:\/\/cecodur.org.uy\/web\/wp-content\/uploads\/2020\/04\/1er-Acta-Junio1930-1000x1000.jpg 1000w\" sizes=\"(max-width: 150px) 100vw, 150px\" \/><\/a>\n\t\t\t<\/dt>\n\t\t\t\t<dd class='wp-caption-text gallery-caption' id='gallery-1-561'>\n\t\t\t\tPrimer Acta &#8211; Junio 1930\n\t\t\t\t<\/dd><\/dl><dl class='gallery-item'>\n\t\t\t<dt class='gallery-icon portrait'>\n\t\t\t\t<a data-elementor-open-lightbox=\"no\" href='https:\/\/cecodur.org.uy\/web\/wp-content\/uploads\/2020\/04\/Acta-1era.-Comisi\u00a2n-Directiva-inicio-act.jpg'><img decoding=\"async\" width=\"150\" height=\"150\" src=\"https:\/\/cecodur.org.uy\/web\/wp-content\/uploads\/2020\/04\/Acta-1era.-Comisi\u00a2n-Directiva-inicio-act-150x150.jpg\" class=\"attachment-thumbnail size-thumbnail\" alt=\"\" aria-describedby=\"gallery-1-562\" srcset=\"https:\/\/cecodur.org.uy\/web\/wp-content\/uploads\/2020\/04\/Acta-1era.-Comisi\u00a2n-Directiva-inicio-act-150x150.jpg 150w, https:\/\/cecodur.org.uy\/web\/wp-content\/uploads\/2020\/04\/Acta-1era.-Comisi\u00a2n-Directiva-inicio-act-570x570.jpg 570w, https:\/\/cecodur.org.uy\/web\/wp-content\/uploads\/2020\/04\/Acta-1era.-Comisi\u00a2n-Directiva-inicio-act-500x500.jpg 500w, https:\/\/cecodur.org.uy\/web\/wp-content\/uploads\/2020\/04\/Acta-1era.-Comisi\u00a2n-Directiva-inicio-act-1000x1000.jpg 1000w\" sizes=\"(max-width: 150px) 100vw, 150px\" \/><\/a>\n\t\t\t<\/dt>\n\t\t\t\t<dd class='wp-caption-text gallery-caption' id='gallery-1-562'>\n\t\t\t\tActa Primera Directiva\n\t\t\t\t<\/dd><\/dl><dl class='gallery-item'>\n\t\t\t<dt class='gallery-icon portrait'>\n\t\t\t\t<a data-elementor-open-lightbox=\"no\" href='https:\/\/cecodur.org.uy\/web\/wp-content\/uploads\/2020\/04\/Denominaci\u00a2n-y-objeto.jpg'><img decoding=\"async\" width=\"150\" height=\"150\" src=\"https:\/\/cecodur.org.uy\/web\/wp-content\/uploads\/2020\/04\/Denominaci\u00a2n-y-objeto-150x150.jpg\" class=\"attachment-thumbnail size-thumbnail\" alt=\"\" aria-describedby=\"gallery-1-563\" srcset=\"https:\/\/cecodur.org.uy\/web\/wp-content\/uploads\/2020\/04\/Denominaci\u00a2n-y-objeto-150x150.jpg 150w, https:\/\/cecodur.org.uy\/web\/wp-content\/uploads\/2020\/04\/Denominaci\u00a2n-y-objeto-570x570.jpg 570w, https:\/\/cecodur.org.uy\/web\/wp-content\/uploads\/2020\/04\/Denominaci\u00a2n-y-objeto-500x500.jpg 500w, https:\/\/cecodur.org.uy\/web\/wp-content\/uploads\/2020\/04\/Denominaci\u00a2n-y-objeto-1000x1000.jpg 1000w\" sizes=\"(max-width: 150px) 100vw, 150px\" \/><\/a>\n\t\t\t<\/dt>\n\t\t\t\t<dd class='wp-caption-text gallery-caption' id='gallery-1-563'>\n\t\t\t\tDenominaci\u00f3n y Objeto\n\t\t\t\t<\/dd><\/dl><br style=\"clear: both\" \/>\n\t\t<\/div>\n\t\t<\/div>\n\t\t\t\t\t\t<\/div>\n\t\t\t\t<\/div>\n\t\t<!-- dce invisible element ddf9e25 -->\t\t\t<\/div>\n\t\t<\/div>\n\t\t\t\t\t<\/div>\n\t\t<\/section>\n\t\t\t\t<\/div>\n\t\t","protected":false},"excerpt":{"rendered":"<p>Nuestra Misi\u00f3n Brindar a nuestros asociados, raz\u00f3n de ser de nuestra Instituci\u00f3n, un servicio de alta calidad destinado a satisfacer sus necesidades. Mejorar permanentemente estos servicios bajo los valores de [&hellip;]<\/p>\n","protected":false},"author":2,"featured_media":0,"parent":0,"menu_order":0,"comment_status":"closed","ping_status":"closed","template":"","meta":{"_monsterinsights_skip_tracking":false,"_monsterinsights_sitenote_active":false,"_monsterinsights_sitenote_note":"","_monsterinsights_sitenote_category":0,"footnotes":""},"class_list":["post-557","page","type-page","status-publish","hentry"],"_links":{"self":[{"href":"http:\/\/cecodur.org.uy\/web\/wp-json\/wp\/v2\/pages\/557","targetHints":{"allow":["GET"]}}],"collection":[{"href":"http:\/\/cecodur.org.uy\/web\/wp-json\/wp\/v2\/pages"}],"about":[{"href":"http:\/\/cecodur.org.uy\/web\/wp-json\/wp\/v2\/types\/page"}],"author":[{"embeddable":true,"href":"http:\/\/cecodur.org.uy\/web\/wp-json\/wp\/v2\/users\/2"}],"replies":[{"embeddable":true,"href":"http:\/\/cecodur.org.uy\/web\/wp-json\/wp\/v2\/comments?post=557"}],"version-history":[{"count":70,"href":"http:\/\/cecodur.org.uy\/web\/wp-json\/wp\/v2\/pages\/557\/revisions"}],"predecessor-version":[{"id":2333,"href":"http:\/\/cecodur.org.uy\/web\/wp-json\/wp\/v2\/pages\/557\/revisions\/2333"}],"wp:attachment":[{"href":"http:\/\/cecodur.org.uy\/web\/wp-json\/wp\/v2\/media?parent=557"}],"curies":[{"name":"wp","href":"https:\/\/api.w.org\/{rel}","templated":true}]}}