{"id":942,"date":"2020-05-26T13:04:12","date_gmt":"2020-05-26T13:04:12","guid":{"rendered":"http:\/\/cecodur.org.uy\/web\/?page_id=942"},"modified":"2026-03-06T21:52:44","modified_gmt":"2026-03-06T21:52:44","slug":"emprender","status":"publish","type":"page","link":"http:\/\/cecodur.org.uy\/web\/emprender\/","title":{"rendered":"Emprendedores"},"content":{"rendered":"\t\t<div data-elementor-type=\"wp-page\" data-elementor-id=\"942\" class=\"elementor elementor-942\" data-elementor-post-type=\"page\">\n\t\t\t\t\t\t<section class=\"elementor-section elementor-top-section elementor-element elementor-element-56d4642b elementor-section-boxed elementor-section-height-default elementor-section-height-default qodef-elementor-content-no\" data-id=\"56d4642b\" data-element_type=\"section\" data-e-type=\"section\">\n\t\t\t\t\t\t<div class=\"elementor-container elementor-column-gap-default\">\n\t\t\t\t\t<div class=\"elementor-column elementor-col-100 elementor-top-column elementor-element elementor-element-307e47f7\" data-id=\"307e47f7\" data-element_type=\"column\" data-e-type=\"column\">\n\t\t\t<div class=\"elementor-widget-wrap elementor-element-populated\">\n\t\t\t\t\t\t<div class=\"elementor-element elementor-element-289a74 elementor-widget elementor-widget-heading\" data-id=\"289a74\" data-element_type=\"widget\" data-e-type=\"widget\" data-widget_type=\"heading.default\">\n\t\t\t\t<div class=\"elementor-widget-container\">\n\t\t\t\t\t<h6 class=\"elementor-heading-title elementor-size-default\">Emprendedores, Peque\u00f1a y Mediana Empresa<\/h6>\t\t\t\t<\/div>\n\t\t\t\t<\/div>\n\t\t\t\t<div class=\"elementor-element elementor-element-2abbc421 elementor-widget elementor-widget-heading\" data-id=\"2abbc421\" data-element_type=\"widget\" data-e-type=\"widget\" data-widget_type=\"heading.default\">\n\t\t\t\t<div class=\"elementor-widget-container\">\n\t\t\t\t\t<h2 class=\"elementor-heading-title elementor-size-default\">Emprender<\/h2>\t\t\t\t<\/div>\n\t\t\t\t<\/div>\n\t\t\t\t<div class=\"elementor-element elementor-element-af4cf07 elementor-grid-3 elementor-grid-tablet-2 elementor-grid-mobile-1 elementor-posts--thumbnail-top elementor-widget elementor-widget-posts\" data-id=\"af4cf07\" data-element_type=\"widget\" data-e-type=\"widget\" data-settings=\"{&quot;classic_columns&quot;:&quot;3&quot;,&quot;classic_columns_tablet&quot;:&quot;2&quot;,&quot;classic_columns_mobile&quot;:&quot;1&quot;,&quot;classic_row_gap&quot;:{&quot;unit&quot;:&quot;px&quot;,&quot;size&quot;:35,&quot;sizes&quot;:[]},&quot;classic_row_gap_tablet&quot;:{&quot;unit&quot;:&quot;px&quot;,&quot;size&quot;:&quot;&quot;,&quot;sizes&quot;:[]},&quot;classic_row_gap_mobile&quot;:{&quot;unit&quot;:&quot;px&quot;,&quot;size&quot;:&quot;&quot;,&quot;sizes&quot;:[]}}\" data-widget_type=\"posts.classic\">\n\t\t\t\t<div class=\"elementor-widget-container\">\n\t\t\t\t\t\t\t<div class=\"elementor-posts-container elementor-posts elementor-posts--skin-classic elementor-grid\" role=\"list\">\n\t\t\t\t<article class=\"elementor-post elementor-grid-item post-2028 post type-post status-publish format-standard has-post-thumbnail hentry category-centro-pyme category-emprender category-locales category-nacionales tag-mipymes tag-tecnicos\" role=\"listitem\">\n\t\t\t\t<a class=\"elementor-post__thumbnail__link\" href=\"http:\/\/cecodur.org.uy\/web\/empresa-gastronomica\/\" tabindex=\"-1\" >\n\t\t\t<div class=\"elementor-post__thumbnail\"><img fetchpriority=\"high\" decoding=\"async\" width=\"300\" height=\"300\" src=\"http:\/\/cecodur.org.uy\/web\/wp-content\/uploads\/2023\/01\/Copia-de-Liderazgo-Durazno-paso-de-los-toros-300x300.png\" class=\"attachment-medium size-medium wp-image-2069\" alt=\"\" srcset=\"http:\/\/cecodur.org.uy\/web\/wp-content\/uploads\/2023\/01\/Copia-de-Liderazgo-Durazno-paso-de-los-toros-300x300.png 300w, http:\/\/cecodur.org.uy\/web\/wp-content\/uploads\/2023\/01\/Copia-de-Liderazgo-Durazno-paso-de-los-toros-1024x1024.png 1024w, http:\/\/cecodur.org.uy\/web\/wp-content\/uploads\/2023\/01\/Copia-de-Liderazgo-Durazno-paso-de-los-toros-150x150.png 150w, http:\/\/cecodur.org.uy\/web\/wp-content\/uploads\/2023\/01\/Copia-de-Liderazgo-Durazno-paso-de-los-toros-768x768.png 768w, http:\/\/cecodur.org.uy\/web\/wp-content\/uploads\/2023\/01\/Copia-de-Liderazgo-Durazno-paso-de-los-toros-570x570.png 570w, http:\/\/cecodur.org.uy\/web\/wp-content\/uploads\/2023\/01\/Copia-de-Liderazgo-Durazno-paso-de-los-toros-500x500.png 500w, http:\/\/cecodur.org.uy\/web\/wp-content\/uploads\/2023\/01\/Copia-de-Liderazgo-Durazno-paso-de-los-toros-1000x1000.png 1000w, http:\/\/cecodur.org.uy\/web\/wp-content\/uploads\/2023\/01\/Copia-de-Liderazgo-Durazno-paso-de-los-toros-700x700.png 700w, http:\/\/cecodur.org.uy\/web\/wp-content\/uploads\/2023\/01\/Copia-de-Liderazgo-Durazno-paso-de-los-toros.png 1080w\" sizes=\"(max-width: 300px) 100vw, 300px\" \/><\/div>\n\t\t<\/a>\n\t\t\t\t<div class=\"elementor-post__text\">\n\t\t\t\t<h3 class=\"elementor-post__title\">\n\t\t\t<a href=\"http:\/\/cecodur.org.uy\/web\/empresa-gastronomica\/\" >\n\t\t\t\t\u00bfTen\u00e9s una empresa gatron\u00f3mica?\t\t\t<\/a>\n\t\t<\/h3>\n\t\t\t\t<div class=\"elementor-post__excerpt\">\n\t\t\t<p>Aprend\u00e9 a calcular los costos de tus recetas, conoc\u00e9 las nuevas normativas bromatol\u00f3gicas, in\u00edciate en marketing orientado en alimentos, trabaj\u00e1 en la ingenier\u00eda de tu alimento. Durazno y Paso de los Toros Junio 2023<\/p>\n\t\t<\/div>\n\t\t\t\t\t<div class=\"elementor-post__read-more-wrapper\">\n\t\t\n\t\t<a class=\"elementor-post__read-more\" href=\"http:\/\/cecodur.org.uy\/web\/empresa-gastronomica\/\" aria-label=\"M\u00e1s informaci\u00f3n sobre \u00bfTen\u00e9s una empresa gatron\u00f3mica?\" tabindex=\"-1\" >\n\t\t\tLeer m\u00e1s \u00bb\t\t<\/a>\n\n\t\t\t\t\t<\/div>\n\t\t\t\t<\/div>\n\t\t\t\t<\/article>\n\t\t\t\t<article class=\"elementor-post elementor-grid-item post-1822 post type-post status-publish format-standard has-post-thumbnail hentry category-emprender category-locales category-nacionales tag-apoyo-financiero tag-emprendedores tag-microfinanzas tag-mipymes\" role=\"listitem\">\n\t\t\t\t<a class=\"elementor-post__thumbnail__link\" href=\"http:\/\/cecodur.org.uy\/web\/semana-emprendedora\/\" tabindex=\"-1\" >\n\t\t\t<div class=\"elementor-post__thumbnail\"><img decoding=\"async\" width=\"300\" height=\"300\" src=\"http:\/\/cecodur.org.uy\/web\/wp-content\/uploads\/2023\/11\/emprende1-100-300x300.jpg\" class=\"attachment-medium size-medium wp-image-2138\" alt=\"\" srcset=\"http:\/\/cecodur.org.uy\/web\/wp-content\/uploads\/2023\/11\/emprende1-100-300x300.jpg 300w, http:\/\/cecodur.org.uy\/web\/wp-content\/uploads\/2023\/11\/emprende1-100-1024x1024.jpg 1024w, http:\/\/cecodur.org.uy\/web\/wp-content\/uploads\/2023\/11\/emprende1-100-150x150.jpg 150w, http:\/\/cecodur.org.uy\/web\/wp-content\/uploads\/2023\/11\/emprende1-100-768x768.jpg 768w, http:\/\/cecodur.org.uy\/web\/wp-content\/uploads\/2023\/11\/emprende1-100-1536x1536.jpg 1536w, http:\/\/cecodur.org.uy\/web\/wp-content\/uploads\/2023\/11\/emprende1-100-2048x2048.jpg 2048w, http:\/\/cecodur.org.uy\/web\/wp-content\/uploads\/2023\/11\/emprende1-100-570x570.jpg 570w, http:\/\/cecodur.org.uy\/web\/wp-content\/uploads\/2023\/11\/emprende1-100-500x500.jpg 500w, http:\/\/cecodur.org.uy\/web\/wp-content\/uploads\/2023\/11\/emprende1-100-1000x1000.jpg 1000w, http:\/\/cecodur.org.uy\/web\/wp-content\/uploads\/2023\/11\/emprende1-100-700x700.jpg 700w\" sizes=\"(max-width: 300px) 100vw, 300px\" \/><\/div>\n\t\t<\/a>\n\t\t\t\t<div class=\"elementor-post__text\">\n\t\t\t\t<h3 class=\"elementor-post__title\">\n\t\t\t<a href=\"http:\/\/cecodur.org.uy\/web\/semana-emprendedora\/\" >\n\t\t\t\tSemana Emprendedora &#8211; Uruguay\t\t\t<\/a>\n\t\t<\/h3>\n\t\t\t\t<div class=\"elementor-post__excerpt\">\n\t\t\t<p>Cientos de actividades Cientos de emprendimientos Un solo pa\u00eds #YoMeSumo<\/p>\n\t\t<\/div>\n\t\t\t\t\t<div class=\"elementor-post__read-more-wrapper\">\n\t\t\n\t\t<a class=\"elementor-post__read-more\" href=\"http:\/\/cecodur.org.uy\/web\/semana-emprendedora\/\" aria-label=\"M\u00e1s informaci\u00f3n sobre Semana Emprendedora &#8211; Uruguay\" tabindex=\"-1\" >\n\t\t\tLeer m\u00e1s \u00bb\t\t<\/a>\n\n\t\t\t\t\t<\/div>\n\t\t\t\t<\/div>\n\t\t\t\t<\/article>\n\t\t\t\t<article class=\"elementor-post elementor-grid-item post-935 post type-post status-publish format-standard has-post-thumbnail hentry category-emprender\" role=\"listitem\">\n\t\t\t\t<a class=\"elementor-post__thumbnail__link\" href=\"http:\/\/cecodur.org.uy\/web\/programas-de-mipymes-y-emprendedores-miem\/\" tabindex=\"-1\" >\n\t\t\t<div class=\"elementor-post__thumbnail\"><img decoding=\"async\" width=\"300\" height=\"179\" src=\"http:\/\/cecodur.org.uy\/web\/wp-content\/uploads\/2020\/05\/emprender-mypimes-1300x775-1-300x179.jpg\" class=\"attachment-medium size-medium wp-image-938\" alt=\"\" srcset=\"http:\/\/cecodur.org.uy\/web\/wp-content\/uploads\/2020\/05\/emprender-mypimes-1300x775-1-300x179.jpg 300w, http:\/\/cecodur.org.uy\/web\/wp-content\/uploads\/2020\/05\/emprender-mypimes-1300x775-1-1024x610.jpg 1024w, http:\/\/cecodur.org.uy\/web\/wp-content\/uploads\/2020\/05\/emprender-mypimes-1300x775-1-768x458.jpg 768w, http:\/\/cecodur.org.uy\/web\/wp-content\/uploads\/2020\/05\/emprender-mypimes-1300x775-1-700x417.jpg 700w, http:\/\/cecodur.org.uy\/web\/wp-content\/uploads\/2020\/05\/emprender-mypimes-1300x775-1.jpg 1300w\" sizes=\"(max-width: 300px) 100vw, 300px\" \/><\/div>\n\t\t<\/a>\n\t\t\t\t<div class=\"elementor-post__text\">\n\t\t\t\t<h3 class=\"elementor-post__title\">\n\t\t\t<a href=\"http:\/\/cecodur.org.uy\/web\/programas-de-mipymes-y-emprendedores-miem\/\" >\n\t\t\t\tProgramas de Mipymes y Emprendedores &#8211; MIEM\t\t\t<\/a>\n\t\t<\/h3>\n\t\t\t\t<div class=\"elementor-post__excerpt\">\n\t\t\t<p>El Ministerio de Industria, Energ\u00eda y Miner\u00eda; mantiene una cartera de planes de distinta \u00edndole de apoyo y fortalecimiento para artesanos y emprendedores. A su vez se cuenta con el portal Uruguay Emprendedor desde donde se accede a una importante galer\u00eda de opciones de diferentes tipos de apoyos y capacitaciones. Programas de Apoyo desde el MIEM: Espacio Germina: Programa para el fomento y apoyo al emprendimiento juvenil con el fin de proporcionar formaci\u00f3n, conocimientos pr\u00e1cticos y herramientas. Incubacoop: Es un<\/p>\n\t\t<\/div>\n\t\t\t\t\t<div class=\"elementor-post__read-more-wrapper\">\n\t\t\n\t\t<a class=\"elementor-post__read-more\" href=\"http:\/\/cecodur.org.uy\/web\/programas-de-mipymes-y-emprendedores-miem\/\" aria-label=\"M\u00e1s informaci\u00f3n sobre Programas de Mipymes y Emprendedores &#8211; MIEM\" tabindex=\"-1\" >\n\t\t\tLeer m\u00e1s \u00bb\t\t<\/a>\n\n\t\t\t\t\t<\/div>\n\t\t\t\t<\/div>\n\t\t\t\t<\/article>\n\t\t\t\t<article class=\"elementor-post elementor-grid-item post-2000 post type-post status-publish format-standard has-post-thumbnail hentry category-centro-pyme category-emprender category-locales tag-emprendedores tag-estudiantes tag-mipymes tag-tecnicos\" role=\"listitem\">\n\t\t\t\t<a class=\"elementor-post__thumbnail__link\" href=\"http:\/\/cecodur.org.uy\/web\/llamado-gastronomia\/\" tabindex=\"-1\" >\n\t\t\t<div class=\"elementor-post__thumbnail\"><img loading=\"lazy\" decoding=\"async\" width=\"278\" height=\"300\" src=\"http:\/\/cecodur.org.uy\/web\/wp-content\/uploads\/2023\/05\/gastronomis-obtrto-278x300.png\" class=\"attachment-medium size-medium wp-image-2092\" alt=\"\" srcset=\"http:\/\/cecodur.org.uy\/web\/wp-content\/uploads\/2023\/05\/gastronomis-obtrto-278x300.png 278w, http:\/\/cecodur.org.uy\/web\/wp-content\/uploads\/2023\/05\/gastronomis-obtrto-948x1024.png 948w, http:\/\/cecodur.org.uy\/web\/wp-content\/uploads\/2023\/05\/gastronomis-obtrto-768x829.png 768w, http:\/\/cecodur.org.uy\/web\/wp-content\/uploads\/2023\/05\/gastronomis-obtrto-1423x1536.png 1423w, http:\/\/cecodur.org.uy\/web\/wp-content\/uploads\/2023\/05\/gastronomis-obtrto-1897x2048.png 1897w, http:\/\/cecodur.org.uy\/web\/wp-content\/uploads\/2023\/05\/gastronomis-obtrto-700x756.png 700w\" sizes=\"(max-width: 278px) 100vw, 278px\" \/><\/div>\n\t\t<\/a>\n\t\t\t\t<div class=\"elementor-post__text\">\n\t\t\t\t<h3 class=\"elementor-post__title\">\n\t\t\t<a href=\"http:\/\/cecodur.org.uy\/web\/llamado-gastronomia\/\" >\n\t\t\t\tLlamado Laboral &#8211; Rubro Gastronom\u00eda\t\t\t<\/a>\n\t\t<\/h3>\n\t\t\t\t<div class=\"elementor-post__excerpt\">\n\t\t\t<p>Nuevo llamado LABORAL para la ciudad de DURAZNO F\u00e1brica de Pastas en la ciudad, busca Oficial General. La persona seleccionada tendr\u00e1 como tareas: Manejo de m\u00e1quinas de elaboraci\u00f3n de pastas, elaboraci\u00f3n de las diferentes masas para producci\u00f3n, empaquetado, entre otras tareas a detallar. Orientamos la b\u00fasqueda a personas proactivas, din\u00e1micas, comprometidas, responsables, con gusto por el trabajo en equipo, Se valorar\u00e1 experiencia previa en tareas similares y con muchas ganas de aprender. Amplia disponibilidad horaria. Disponibilidad para trabajar los fines<\/p>\n\t\t<\/div>\n\t\t\t\t\t<div class=\"elementor-post__read-more-wrapper\">\n\t\t\n\t\t<a class=\"elementor-post__read-more\" href=\"http:\/\/cecodur.org.uy\/web\/llamado-gastronomia\/\" aria-label=\"M\u00e1s informaci\u00f3n sobre Llamado Laboral &#8211; Rubro Gastronom\u00eda\" tabindex=\"-1\" >\n\t\t\tLeer m\u00e1s \u00bb\t\t<\/a>\n\n\t\t\t\t\t<\/div>\n\t\t\t\t<\/div>\n\t\t\t\t<\/article>\n\t\t\t\t<article class=\"elementor-post elementor-grid-item post-2035 post type-post status-publish format-standard has-post-thumbnail hentry category-centro-pyme category-emprender category-locales tag-gestion tag-llamados tag-mipymes tag-tecnicos tag-tecnologia\" role=\"listitem\">\n\t\t\t\t<a class=\"elementor-post__thumbnail__link\" href=\"http:\/\/cecodur.org.uy\/web\/incorpora-tecnologia\/\" tabindex=\"-1\" >\n\t\t\t<div class=\"elementor-post__thumbnail\"><img loading=\"lazy\" decoding=\"async\" width=\"300\" height=\"300\" src=\"http:\/\/cecodur.org.uy\/web\/wp-content\/uploads\/2023\/02\/incorporacion-de-tecnologia-1080x1080-px-300x300.png\" class=\"attachment-medium size-medium wp-image-2072\" alt=\"\" srcset=\"http:\/\/cecodur.org.uy\/web\/wp-content\/uploads\/2023\/02\/incorporacion-de-tecnologia-1080x1080-px-300x300.png 300w, http:\/\/cecodur.org.uy\/web\/wp-content\/uploads\/2023\/02\/incorporacion-de-tecnologia-1080x1080-px-1024x1024.png 1024w, http:\/\/cecodur.org.uy\/web\/wp-content\/uploads\/2023\/02\/incorporacion-de-tecnologia-1080x1080-px-150x150.png 150w, http:\/\/cecodur.org.uy\/web\/wp-content\/uploads\/2023\/02\/incorporacion-de-tecnologia-1080x1080-px-768x768.png 768w, http:\/\/cecodur.org.uy\/web\/wp-content\/uploads\/2023\/02\/incorporacion-de-tecnologia-1080x1080-px-570x570.png 570w, http:\/\/cecodur.org.uy\/web\/wp-content\/uploads\/2023\/02\/incorporacion-de-tecnologia-1080x1080-px-500x500.png 500w, http:\/\/cecodur.org.uy\/web\/wp-content\/uploads\/2023\/02\/incorporacion-de-tecnologia-1080x1080-px-1000x1000.png 1000w, http:\/\/cecodur.org.uy\/web\/wp-content\/uploads\/2023\/02\/incorporacion-de-tecnologia-1080x1080-px-700x700.png 700w, http:\/\/cecodur.org.uy\/web\/wp-content\/uploads\/2023\/02\/incorporacion-de-tecnologia-1080x1080-px.png 1080w\" sizes=\"(max-width: 300px) 100vw, 300px\" \/><\/div>\n\t\t<\/a>\n\t\t\t\t<div class=\"elementor-post__text\">\n\t\t\t\t<h3 class=\"elementor-post__title\">\n\t\t\t<a href=\"http:\/\/cecodur.org.uy\/web\/incorpora-tecnologia\/\" >\n\t\t\t\tIncorpor\u00e1 Tecnolog\u00eda\t\t\t<\/a>\n\t\t<\/h3>\n\t\t\t\t<div class=\"elementor-post__excerpt\">\n\t\t\t<p>GESTION\u00c1 MEJOR! Incorpora tecnolog\u00eda en la gesti\u00f3n de clientes y agendas Te acompa\u00f1amos a encontrar cual es la mejor soluci\u00f3n tecnol\u00f3gica para gestionar tus clientes y te ayudamos a implementarla. DURAZNO Y PASO DE LOS TOROS JUNIO 2023<\/p>\n\t\t<\/div>\n\t\t\t\t\t<div class=\"elementor-post__read-more-wrapper\">\n\t\t\n\t\t<a class=\"elementor-post__read-more\" href=\"http:\/\/cecodur.org.uy\/web\/incorpora-tecnologia\/\" aria-label=\"M\u00e1s informaci\u00f3n sobre Incorpor\u00e1 Tecnolog\u00eda\" tabindex=\"-1\" >\n\t\t\tLeer m\u00e1s \u00bb\t\t<\/a>\n\n\t\t\t\t\t<\/div>\n\t\t\t\t<\/div>\n\t\t\t\t<\/article>\n\t\t\t\t<article class=\"elementor-post elementor-grid-item post-2002 post type-post status-publish format-standard has-post-thumbnail hentry category-centro-pyme category-emprender category-locales category-nacionales tag-emprendedores tag-estudiantes tag-mipymes tag-tecnicos\" role=\"listitem\">\n\t\t\t\t<a class=\"elementor-post__thumbnail__link\" href=\"http:\/\/cecodur.org.uy\/web\/gabriel-oddone-riesgos\/\" tabindex=\"-1\" >\n\t\t\t<div class=\"elementor-post__thumbnail\"><img loading=\"lazy\" decoding=\"async\" width=\"240\" height=\"300\" src=\"http:\/\/cecodur.org.uy\/web\/wp-content\/uploads\/2022\/10\/80dc093b-a45d-4295-a831-a2aaedf0bc4d-240x300.jpg\" class=\"attachment-medium size-medium wp-image-2094\" alt=\"\" srcset=\"http:\/\/cecodur.org.uy\/web\/wp-content\/uploads\/2022\/10\/80dc093b-a45d-4295-a831-a2aaedf0bc4d-240x300.jpg 240w, http:\/\/cecodur.org.uy\/web\/wp-content\/uploads\/2022\/10\/80dc093b-a45d-4295-a831-a2aaedf0bc4d-819x1024.jpg 819w, http:\/\/cecodur.org.uy\/web\/wp-content\/uploads\/2022\/10\/80dc093b-a45d-4295-a831-a2aaedf0bc4d-768x960.jpg 768w, http:\/\/cecodur.org.uy\/web\/wp-content\/uploads\/2022\/10\/80dc093b-a45d-4295-a831-a2aaedf0bc4d-700x875.jpg 700w, http:\/\/cecodur.org.uy\/web\/wp-content\/uploads\/2022\/10\/80dc093b-a45d-4295-a831-a2aaedf0bc4d.jpg 1080w\" sizes=\"(max-width: 240px) 100vw, 240px\" \/><\/div>\n\t\t<\/a>\n\t\t\t\t<div class=\"elementor-post__text\">\n\t\t\t\t<h3 class=\"elementor-post__title\">\n\t\t\t<a href=\"http:\/\/cecodur.org.uy\/web\/gabriel-oddone-riesgos\/\" >\n\t\t\t\tGabriel Oddone &#8211; Riesgos y desaf\u00edos econ\u00f3micos\t\t\t<\/a>\n\t\t<\/h3>\n\t\t\t\t<div class=\"elementor-post__excerpt\">\n\t\t\t<p>Martes 30 de Mayo &#8211; 19:00 hs en Sala Lavalleja &#8211; Jos\u00e9 Batlle y Ordo\u00f1ez 805, Durazno Especulaciones m\u00e1s all\u00e1 de 2024 &#8230;\u00a0Los principales Restos de Uruguay &#8230; El dilema inflaci\u00f3n &#8230; Perspectivas econ\u00f3micas m\u00e1s all\u00e1 de 2024 &#8230;<\/p>\n\t\t<\/div>\n\t\t\t\t\t<div class=\"elementor-post__read-more-wrapper\">\n\t\t\n\t\t<a class=\"elementor-post__read-more\" href=\"http:\/\/cecodur.org.uy\/web\/gabriel-oddone-riesgos\/\" aria-label=\"M\u00e1s informaci\u00f3n sobre Gabriel Oddone &#8211; Riesgos y desaf\u00edos econ\u00f3micos\" tabindex=\"-1\" >\n\t\t\tLeer m\u00e1s \u00bb\t\t<\/a>\n\n\t\t\t\t\t<\/div>\n\t\t\t\t<\/div>\n\t\t\t\t<\/article>\n\t\t\t\t<\/div>\n\t\t\n\t\t\t\t\t\t<\/div>\n\t\t\t\t<\/div>\n\t\t\t\t\t<\/div>\n\t\t<\/div>\n\t\t\t\t\t<\/div>\n\t\t<\/section>\n\t\t\t\t<\/div>\n\t\t","protected":false},"excerpt":{"rendered":"<p>Emprendedores, Peque\u00f1a y Mediana Empresa Emprender<\/p>\n","protected":false},"author":2,"featured_media":0,"parent":0,"menu_order":0,"comment_status":"closed","ping_status":"closed","template":"","meta":{"_monsterinsights_skip_tracking":false,"_monsterinsights_sitenote_active":false,"_monsterinsights_sitenote_note":"","_monsterinsights_sitenote_category":0,"footnotes":""},"class_list":["post-942","page","type-page","status-publish","hentry"],"_links":{"self":[{"href":"http:\/\/cecodur.org.uy\/web\/wp-json\/wp\/v2\/pages\/942","targetHints":{"allow":["GET"]}}],"collection":[{"href":"http:\/\/cecodur.org.uy\/web\/wp-json\/wp\/v2\/pages"}],"about":[{"href":"http:\/\/cecodur.org.uy\/web\/wp-json\/wp\/v2\/types\/page"}],"author":[{"embeddable":true,"href":"http:\/\/cecodur.org.uy\/web\/wp-json\/wp\/v2\/users\/2"}],"replies":[{"embeddable":true,"href":"http:\/\/cecodur.org.uy\/web\/wp-json\/wp\/v2\/comments?post=942"}],"version-history":[{"count":9,"href":"http:\/\/cecodur.org.uy\/web\/wp-json\/wp\/v2\/pages\/942\/revisions"}],"predecessor-version":[{"id":2291,"href":"http:\/\/cecodur.org.uy\/web\/wp-json\/wp\/v2\/pages\/942\/revisions\/2291"}],"wp:attachment":[{"href":"http:\/\/cecodur.org.uy\/web\/wp-json\/wp\/v2\/media?parent=942"}],"curies":[{"name":"wp","href":"https:\/\/api.w.org\/{rel}","templated":true}]}}